{"id":22,"date":"2023-08-08T11:54:43","date_gmt":"2023-08-08T11:54:43","guid":{"rendered":"https:\/\/loreseeker-lillard-wnh.zipwp.link\/?page_id=22"},"modified":"2023-08-08T11:54:43","modified_gmt":"2023-08-08T11:54:43","slug":"about","status":"publish","type":"page","link":"https:\/\/therapeute-sophrologue.ovh\/index.php\/about\/","title":{"rendered":"About"},"content":{"rendered":"\n<div class=\"wp-block-uagb-container uagb-block-f0e02c54 alignfull uagb-is-root-container\"><div class=\"uagb-container-inner-blocks-wrap\">\n<div class=\"wp-block-uagb-container uagb-block-a86c80a0\">\n<div class=\"wp-block-uagb-advanced-heading uagb-block-2f61c7b2\"><h2 class=\"uagb-heading-text\">Mais qui suis-je?<\/h2><\/div>\n\n\n\n<p class=\"has-medium-font-size\">La vie m\u2019a guid\u00e9e vers le chemin des m\u00e9decines alternatives et a plant\u00e9 en moi cette petite graine qui a \u00e9clos il y a quelques ann\u00e9es.<\/p>\n\n\n\n<p class=\"has-medium-font-size\">D\u2019une nature empathique et \u00e0 l\u2019\u00e9coute des autres c\u2019est la dimension humaine du m\u00e9tier de th\u00e9rapeute qui me permet de m\u2019\u00e9panouir chaque jour.<br>La vie peut parfois \u00eatre compliqu\u00e9e et difficile \u00e0 g\u00e9rer, je suis l\u00e0 pour vous aider \u00e0 affronter ces obstacles.<br>Form\u00e9e \u00e0 diff\u00e9rentes m\u00e9thodes, je puise dans chacune d\u2019elles afin de vous proposer un accompagnement sur-mesure.<\/p>\n\n\n\n<p class=\"has-medium-font-size\"><br>Mon r\u00f4le est de vous \u00e9couter et de vous guider afin que vous preniez conscience de vos ressources.<br>Je ne travaille pas SUR vous, je travaille AVEC vous, vous \u00eates pleinement acteur de votre changement.<br>Je vous accueille au sein de mon cabinet, dans le respect, le secret professionnel et la bienveillance.<\/p>\n<\/div>\n\n\n\n<div class=\"wp-block-uagb-container uagb-block-iw445sk1 alignfull uagb-is-root-container\"><div class=\"uagb-container-inner-blocks-wrap\">\n<figure class=\"wp-block-image size-large is-resized\"><img loading=\"lazy\" decoding=\"async\" width=\"768\" height=\"1024\" src=\"http:\/\/therapeute-sophrologue.ovh\/wp-content\/uploads\/2024\/04\/screenshot-20220203-131427-gallery-1-768x1024.jpg\" alt=\"\" class=\"wp-image-762\" style=\"width:349px;height:auto\" srcset=\"https:\/\/therapeute-sophrologue.ovh\/wp-content\/uploads\/2024\/04\/screenshot-20220203-131427-gallery-1-768x1024.jpg 768w, https:\/\/therapeute-sophrologue.ovh\/wp-content\/uploads\/2024\/04\/screenshot-20220203-131427-gallery-1-225x300.jpg 225w, https:\/\/therapeute-sophrologue.ovh\/wp-content\/uploads\/2024\/04\/screenshot-20220203-131427-gallery-1.jpg 1076w\" sizes=\"auto, (max-width: 768px) 100vw, 768px\" \/><\/figure>\n\n\n\n<div class=\"wp-block-uagb-advanced-heading uagb-block-d8n1qyjf\"><h2 class=\"uagb-heading-text\">Coralie B\u00e9geot<\/h2><p class=\"uagb-desc-text\">Th\u00e9rapeute Sophrologue &#8211; Formatrice<br>Consultante en int\u00e9gration des r\u00e9flexes primitifs<\/p><\/div>\n<\/div><\/div>\n<\/div><\/div>\n\n\n\n<div class=\"wp-block-uagb-container uagb-block-82b28008 alignfull uagb-is-root-container\"><div class=\"uagb-container-inner-blocks-wrap\">\n<div class=\"wp-block-uagb-advanced-heading uagb-block-3a717b3e\"><div class=\"uagb-heading-text\">Pr\u00eat(e) \u00e0 aller de l&#8217;avant?<\/div><\/div>\n\n\n\n<div class=\"wp-block-uagb-advanced-heading uagb-block-4dabc4e6\"><h2 class=\"uagb-heading-text\">Contactez moi !<\/h2><\/div>\n\n\n\n<div class=\"wp-block-uagb-buttons uagb-buttons__outer-wrap uagb-btn__default-btn uagb-btn-tablet__default-btn uagb-btn-mobile__default-btn uagb-block-e801ecf0\"><div class=\"uagb-buttons__wrap uagb-buttons-layout-wrap \">\n<div class=\"wp-block-uagb-buttons-child uagb-buttons__outer-wrap uagb-block-830c34e1 wp-block-button\"><div class=\"uagb-button__wrapper\"><a class=\"uagb-buttons-repeater wp-block-button__link\" aria-label=\"\" href=\"\/contact\/\" rel=\"follow noopener\" target=\"_self\"><div class=\"uagb-button__link\">PRENDRE RENDEZ-VOUS<\/div><\/a><\/div><\/div>\n<\/div><\/div>\n\n\n\n<div class=\"wp-block-uagb-advanced-heading uagb-block-9cf0204c\"><div class=\"uagb-separator\"><\/div><h3 class=\"uagb-heading-text\">06 27 28 33 36<\/h3><\/div>\n<\/div><\/div>\n","protected":false},"excerpt":{"rendered":"","protected":false},"author":1,"featured_media":0,"parent":0,"menu_order":0,"comment_status":"closed","ping_status":"closed","template":"","meta":{"site-sidebar-layout":"no-sidebar","site-content-layout":"plain-container","ast-site-content-layout":"normal-width-container","site-content-style":"unboxed","site-sidebar-style":"unboxed","ast-global-header-display":"","ast-banner-title-visibility":"","ast-main-header-display":"","ast-hfb-above-header-display":"","ast-hfb-below-header-display":"","ast-hfb-mobile-header-display":"","site-post-title":"disabled","ast-breadcrumbs-content":"","ast-featured-img":"","footer-sml-layout":"","theme-transparent-header-meta":"enabled","adv-header-id-meta":"","stick-header-meta":"","header-above-stick-meta":"","header-main-stick-meta":"","header-below-stick-meta":"","astra-migrate-meta-layouts":"set","ast-page-background-enabled":"default","ast-page-background-meta":{"desktop":{"background-color":"var(--ast-global-color-4)","background-image":"","background-repeat":"repeat","background-position":"center center","background-size":"auto","background-attachment":"scroll","background-type":"","background-media":"","overlay-type":"","overlay-color":"","overlay-gradient":""},"tablet":{"background-color":"","background-image":"","background-repeat":"repeat","background-position":"center center","background-size":"auto","background-attachment":"scroll","background-type":"","background-media":"","overlay-type":"","overlay-color":"","overlay-gradient":""},"mobile":{"background-color":"","background-image":"","background-repeat":"repeat","background-position":"center center","background-size":"auto","background-attachment":"scroll","background-type":"","background-media":"","overlay-type":"","overlay-color":"","overlay-gradient":""}},"ast-content-background-meta":{"desktop":{"background-color":"var(--ast-global-color-5)","background-image":"","background-repeat":"repeat","background-position":"center center","background-size":"auto","background-attachment":"scroll","background-type":"","background-media":"","overlay-type":"","overlay-color":"","overlay-gradient":""},"tablet":{"background-color":"var(--ast-global-color-5)","background-image":"","background-repeat":"repeat","background-position":"center center","background-size":"auto","background-attachment":"scroll","background-type":"","background-media":"","overlay-type":"","overlay-color":"","overlay-gradient":""},"mobile":{"background-color":"var(--ast-global-color-5)","background-image":"","background-repeat":"repeat","background-position":"center center","background-size":"auto","background-attachment":"scroll","background-type":"","background-media":"","overlay-type":"","overlay-color":"","overlay-gradient":""}},"footnotes":""},"class_list":["post-22","page","type-page","status-publish","hentry"],"_links":{"self":[{"href":"https:\/\/therapeute-sophrologue.ovh\/index.php\/wp-json\/wp\/v2\/pages\/22","targetHints":{"allow":["GET"]}}],"collection":[{"href":"https:\/\/therapeute-sophrologue.ovh\/index.php\/wp-json\/wp\/v2\/pages"}],"about":[{"href":"https:\/\/therapeute-sophrologue.ovh\/index.php\/wp-json\/wp\/v2\/types\/page"}],"author":[{"embeddable":true,"href":"https:\/\/therapeute-sophrologue.ovh\/index.php\/wp-json\/wp\/v2\/users\/1"}],"replies":[{"embeddable":true,"href":"https:\/\/therapeute-sophrologue.ovh\/index.php\/wp-json\/wp\/v2\/comments?post=22"}],"version-history":[{"count":0,"href":"https:\/\/therapeute-sophrologue.ovh\/index.php\/wp-json\/wp\/v2\/pages\/22\/revisions"}],"wp:attachment":[{"href":"https:\/\/therapeute-sophrologue.ovh\/index.php\/wp-json\/wp\/v2\/media?parent=22"}],"curies":[{"name":"wp","href":"https:\/\/api.w.org\/{rel}","templated":true}]}}